{"id":984,"date":"2021-01-26T15:26:17","date_gmt":"2021-01-26T14:26:17","guid":{"rendered":"https:\/\/ns332467.ip-37-187-254.eu\/~centracar\/impressum\/"},"modified":"2026-02-10T11:02:43","modified_gmt":"2026-02-10T10:02:43","slug":"impressum","status":"publish","type":"page","link":"https:\/\/ebac-auto.be\/de\/impressum\/","title":{"rendered":"Impressum"},"content":{"rendered":"\t\t<div data-elementor-type=\"wp-page\" data-elementor-id=\"984\" class=\"elementor elementor-984 elementor-320\" data-elementor-settings=\"{&quot;ha_cmc_init_switcher&quot;:&quot;no&quot;}\" data-elementor-post-type=\"page\">\n\t\t\t\t\t\t<section class=\"elementor-section elementor-top-section elementor-element elementor-element-f62587f elementor-section-boxed elementor-section-height-default elementor-section-height-default\" data-id=\"f62587f\" data-element_type=\"section\" data-e-type=\"section\" data-settings=\"{&quot;background_background&quot;:&quot;classic&quot;}\">\n\t\t\t\t\t\t<div class=\"elementor-container elementor-column-gap-default\">\n\t\t\t\t\t<div class=\"elementor-column elementor-col-100 elementor-top-column elementor-element elementor-element-de5096d\" data-id=\"de5096d\" data-element_type=\"column\" data-e-type=\"column\">\n\t\t\t<div class=\"elementor-widget-wrap elementor-element-populated\">\n\t\t\t\t\t\t<div class=\"elementor-element elementor-element-7717319 elementor-widget elementor-widget-heading\" data-id=\"7717319\" data-element_type=\"widget\" data-e-type=\"widget\" data-widget_type=\"heading.default\">\n\t\t\t\t<div class=\"elementor-widget-container\">\n\t\t\t\t\t<h1 class=\"elementor-heading-title elementor-size-default\">Impressum<\/h1>\t\t\t\t<\/div>\n\t\t\t\t<\/div>\n\t\t\t\t\t<\/div>\n\t\t<\/div>\n\t\t\t\t\t<\/div>\n\t\t<\/section>\n\t\t\t\t<section class=\"elementor-section elementor-top-section elementor-element elementor-element-ab1a0da elementor-section-boxed elementor-section-height-default elementor-section-height-default\" data-id=\"ab1a0da\" data-element_type=\"section\" data-e-type=\"section\">\n\t\t\t\t\t\t<div class=\"elementor-container elementor-column-gap-default\">\n\t\t\t\t\t<div class=\"elementor-column elementor-col-50 elementor-top-column elementor-element elementor-element-ca9a330\" data-id=\"ca9a330\" data-element_type=\"column\" data-e-type=\"column\">\n\t\t\t<div class=\"elementor-widget-wrap elementor-element-populated\">\n\t\t\t\t\t\t<div class=\"elementor-element elementor-element-ffb42b8 elementor-widget elementor-widget-heading\" data-id=\"ffb42b8\" data-element_type=\"widget\" data-e-type=\"widget\" data-widget_type=\"heading.default\">\n\t\t\t\t<div class=\"elementor-widget-container\">\n\t\t\t\t\t<h2 class=\"elementor-heading-title elementor-size-default\">Impressum<\/h2>\t\t\t\t<\/div>\n\t\t\t\t<\/div>\n\t\t\t\t<div class=\"elementor-element elementor-element-5346c3f elementor-widget elementor-widget-text-editor\" data-id=\"5346c3f\" data-element_type=\"widget\" data-e-type=\"widget\" data-widget_type=\"text-editor.default\">\n\t\t\t\t<div class=\"elementor-widget-container\">\n\t\t\t\t\t\t\t\t\t<p>Die Website <a href=\"https:\/\/ebac-auto.be\" target=\"_blank\" rel=\"noopener\"><b>https:\/\/ebac-auto.be<\/b><\/a> ist das ausschlie\u00dfliche Eigentum der <b>Ebac SA<\/b>, die sie ver\u00f6ffentlicht.<\/p><p><b>Ebac SA<br \/><\/b>Avenue du Parc 26<br \/>4650 Chaineux<br \/>Tel.:\u00a0<b>087\/31 31 60<\/b><br \/>E-Mail:\u00a0<strong><a href=\"mailto:info@ebac-auto.be\" target=\"_blank\" rel=\"noopener\">info@ebac-auto.be<\/a><\/strong><br \/>TVA:\u00a0<b>BE0454.797.366<\/b><\/p>\t\t\t\t\t\t\t\t<\/div>\n\t\t\t\t<\/div>\n\t\t\t\t<div class=\"elementor-element elementor-element-2facca5 elementor-widget elementor-widget-heading\" data-id=\"2facca5\" data-element_type=\"widget\" data-e-type=\"widget\" data-widget_type=\"heading.default\">\n\t\t\t\t<div class=\"elementor-widget-container\">\n\t\t\t\t\t<h2 class=\"elementor-heading-title elementor-size-default\">Hosting<\/h2>\t\t\t\t<\/div>\n\t\t\t\t<\/div>\n\t\t\t\t<div class=\"elementor-element elementor-element-4bb171b elementor-widget elementor-widget-text-editor\" data-id=\"4bb171b\" data-element_type=\"widget\" data-e-type=\"widget\" data-widget_type=\"text-editor.default\">\n\t\t\t\t<div class=\"elementor-widget-container\">\n\t\t\t\t\t\t\t\t\t<p>Diese Seite wird von OVH 2 Rue Kellermann 59100 Roubaix gehostet.<\/p>\n\t\t\t\t\t\t\t\t<\/div>\n\t\t\t\t<\/div>\n\t\t\t\t<div class=\"elementor-element elementor-element-fbb6a70 elementor-widget elementor-widget-heading\" data-id=\"fbb6a70\" data-element_type=\"widget\" data-e-type=\"widget\" data-widget_type=\"heading.default\">\n\t\t\t\t<div class=\"elementor-widget-container\">\n\t\t\t\t\t<h2 class=\"elementor-heading-title elementor-size-default\">Ver\u00f6ffentlichung<\/h2>\t\t\t\t<\/div>\n\t\t\t\t<\/div>\n\t\t\t\t<div class=\"elementor-element elementor-element-109cd96 elementor-widget elementor-widget-text-editor\" data-id=\"109cd96\" data-element_type=\"widget\" data-e-type=\"widget\" data-widget_type=\"text-editor.default\">\n\t\t\t\t<div class=\"elementor-widget-container\">\n\t\t\t\t\t\t\t\t\t<p>Direktor f\u00fcr Ver\u00f6ffentlichungen<br \/><strong>Vincent Remion<\/strong><\/p><p>Wenden Sie sich an den Publikationsmanager<br \/><strong><a href=\"mailto:info@ebac-auto.be\">info@ebac-auto.be<\/a><\/strong><\/p>\t\t\t\t\t\t\t\t<\/div>\n\t\t\t\t<\/div>\n\t\t\t\t\t<\/div>\n\t\t<\/div>\n\t\t\t\t<div class=\"elementor-column elementor-col-50 elementor-top-column elementor-element elementor-element-e64ea4f\" data-id=\"e64ea4f\" data-element_type=\"column\" data-e-type=\"column\">\n\t\t\t<div class=\"elementor-widget-wrap elementor-element-populated\">\n\t\t\t\t\t\t<div class=\"elementor-element elementor-element-f9a2672 elementor-widget elementor-widget-heading\" data-id=\"f9a2672\" data-element_type=\"widget\" data-e-type=\"widget\" data-widget_type=\"heading.default\">\n\t\t\t\t<div class=\"elementor-widget-container\">\n\t\t\t\t\t<h2 class=\"elementor-heading-title elementor-size-default\">Datenschutz und cookies<\/h2>\t\t\t\t<\/div>\n\t\t\t\t<\/div>\n\t\t\t\t<div class=\"elementor-element elementor-element-3f188b0 elementor-widget elementor-widget-heading\" data-id=\"3f188b0\" data-element_type=\"widget\" data-e-type=\"widget\" data-widget_type=\"heading.default\">\n\t\t\t\t<div class=\"elementor-widget-container\">\n\t\t\t\t\t<h3 class=\"elementor-heading-title elementor-size-default\">Verarbeitung Ihrer pres\u00f6nlichen daten<\/h3>\t\t\t\t<\/div>\n\t\t\t\t<\/div>\n\t\t\t\t<div class=\"elementor-element elementor-element-0bc52ea elementor-widget elementor-widget-text-editor\" data-id=\"0bc52ea\" data-element_type=\"widget\" data-e-type=\"widget\" data-widget_type=\"text-editor.default\">\n\t\t\t\t<div class=\"elementor-widget-container\">\n\t\t\t\t\t\t\t\t\t<p>Wenn Sie uns Ihre pers\u00f6nlichen Daten zum Beispiel beim Abonnieren eines unserer Newsletter zur Verf\u00fcgung stellen, verwenden wir diese nur f\u00fcr diesen alleinigen Zweck und geben sie niemals an Dritte weiter.<\/p><p>Sie k\u00f6nnen auf Anfrage \u00fcber das Kontaktformular die L\u00f6schung aller Ihrer pers\u00f6nlichen Daten beantragen.<\/p><p>Die <b>Ebac SA <\/b>wird die Daten gem\u00e4\u00df dem belgischen Gesetz vom 8. Dezember 1992 zum Schutz der Privatsph\u00e4re verarbeiten.<\/p>\t\t\t\t\t\t\t\t<\/div>\n\t\t\t\t<\/div>\n\t\t\t\t<div class=\"elementor-element elementor-element-5e91d27 elementor-widget elementor-widget-heading\" data-id=\"5e91d27\" data-element_type=\"widget\" data-e-type=\"widget\" data-widget_type=\"heading.default\">\n\t\t\t\t<div class=\"elementor-widget-container\">\n\t\t\t\t\t<h3 class=\"elementor-heading-title elementor-size-default\">Zustimmung zur verarbeitung Ihrer daten<\/h3>\t\t\t\t<\/div>\n\t\t\t\t<\/div>\n\t\t\t\t<div class=\"elementor-element elementor-element-1397039 elementor-widget elementor-widget-text-editor\" data-id=\"1397039\" data-element_type=\"widget\" data-e-type=\"widget\" data-widget_type=\"text-editor.default\">\n\t\t\t\t<div class=\"elementor-widget-container\">\n\t\t\t\t\t\t\t\t\t<p>Indem Sie uns personenbezogene Daten zur Verf\u00fcgung stellen, stimmen Sie zu, dass wir diese Informationen f\u00fcr die angegebenen Zwecke verarbeiten.<\/p>\n\t\t\t\t\t\t\t\t<\/div>\n\t\t\t\t<\/div>\n\t\t\t\t<div class=\"elementor-element elementor-element-2f8a66c elementor-widget elementor-widget-heading\" data-id=\"2f8a66c\" data-element_type=\"widget\" data-e-type=\"widget\" data-widget_type=\"heading.default\">\n\t\t\t\t<div class=\"elementor-widget-container\">\n\t\t\t\t\t<h3 class=\"elementor-heading-title elementor-size-default\">Verantwortung<\/h3>\t\t\t\t<\/div>\n\t\t\t\t<\/div>\n\t\t\t\t<div class=\"elementor-element elementor-element-a4068e5 elementor-widget elementor-widget-text-editor\" data-id=\"a4068e5\" data-element_type=\"widget\" data-e-type=\"widget\" data-widget_type=\"text-editor.default\">\n\t\t\t\t<div class=\"elementor-widget-container\">\n\t\t\t\t\t\t\t\t\t<p>Wir kontrollieren sorgf\u00e4ltig den Inhalt von Links zu externen Websites. Wir lehnen jedoch jede Verantwortung f\u00fcr diese Inhalte oder f\u00fcr technische Sch\u00e4den ab, die durch diese Links verursacht werden. Die Verantwortung liegt ausschlie\u00dflich bei den Betreibern dieser externen Websites.<\/p>\n\t\t\t\t\t\t\t\t<\/div>\n\t\t\t\t<\/div>\n\t\t\t\t\t<\/div>\n\t\t<\/div>\n\t\t\t\t\t<\/div>\n\t\t<\/section>\n\t\t\t\t<section class=\"elementor-section elementor-top-section elementor-element elementor-element-b9e4e26 elementor-section-boxed elementor-section-height-default elementor-section-height-default\" data-id=\"b9e4e26\" data-element_type=\"section\" data-e-type=\"section\">\n\t\t\t\t\t\t<div class=\"elementor-container elementor-column-gap-default\">\n\t\t\t\t\t<div class=\"elementor-column elementor-col-100 elementor-top-column elementor-element elementor-element-4797c5d\" data-id=\"4797c5d\" data-element_type=\"column\" data-e-type=\"column\">\n\t\t\t<div class=\"elementor-widget-wrap elementor-element-populated\">\n\t\t\t\t\t\t<div class=\"elementor-element elementor-element-32c0699 elementor-widget elementor-widget-heading\" data-id=\"32c0699\" data-element_type=\"widget\" data-e-type=\"widget\" data-widget_type=\"heading.default\">\n\t\t\t\t<div class=\"elementor-widget-container\">\n\t\t\t\t\t<h2 class=\"elementor-heading-title elementor-size-default\">Cookies<\/h2>\t\t\t\t<\/div>\n\t\t\t\t<\/div>\n\t\t\t\t<div class=\"elementor-element elementor-element-de29075 elementor-widget elementor-widget-text-editor\" data-id=\"de29075\" data-element_type=\"widget\" data-e-type=\"widget\" data-widget_type=\"text-editor.default\">\n\t\t\t\t<div class=\"elementor-widget-container\">\n\t\t\t\t\t\t\t\t\t<p>Ein Cookie ist eine Information, die beim Besuch einer Website auf Ihrer Festplatte &#8222;abgelegt&#8220; werden kann. Cookies werden im Allgemeinen verwendet, um die Benutzernavigation zu vereinfachen. Grunds\u00e4tzlich k\u00f6nnen Cookies keine Viren \u00fcbertragen oder Ihren Computer besch\u00e4digen. Viele Cookies sind nur f\u00fcr eine einzelne Sitzung (oder einen Besuch) aktiv. Andere haben eine begrenzte Lebensdauer. Wieder andere bleiben auf Ihrer Festplatte, bis Sie sie l\u00f6schen. Mit Cookies k\u00f6nnen Sie weder Informationen auf Ihrer Festplatte abrufen, noch Ihre E-Mail-Adresse finden oder pers\u00f6nliche Informationen \u00fcber Sie abrufen. Ihre Cookie-Datei kann nur private Informationen enthalten, wenn Sie diese selbst an einen Webserver \u00fcbermitteln. Au\u00dferdem kann ein Cookie nur von dem Server gelesen werden, der es installiert hat.<\/p>\n<p>Wir verwenden Cookies, um Benutzern das Navigieren auf unserer Website zu erleichtern, Informationen zu sammeln, um den Verkehr zu analysieren oder Ihre Pr\u00e4ferenzen in Bezug auf Informationen und Angebote zu speichern. Unsere Cookies aktualisieren nur Aktivit\u00e4ten, die sich direkt auf Ihre Besuche auf unserer Website und auf anderen Websites beziehen, die unsere Produkte anbieten. Sie f\u00fchren keine Aufzeichnungen \u00fcber all Ihre anderen Internetaktivit\u00e4ten. Die von uns gesetzten Cookies k\u00f6nnen daher nicht von anderen Websites gelesen oder geteilt werden, die nicht mit uns in Verbindung stehen.<\/p>\n\t\t\t\t\t\t\t\t<\/div>\n\t\t\t\t<\/div>\n\t\t\t\t\t<\/div>\n\t\t<\/div>\n\t\t\t\t\t<\/div>\n\t\t<\/section>\n\t\t\t\t<\/div>\n\t\t","protected":false},"excerpt":{"rendered":"<p>Impressum Impressum Die Website https:\/\/ebac-auto.be ist das ausschlie\u00dfliche Eigentum der Ebac SA, die sie ver\u00f6ffentlicht. Ebac SAAvenue du Parc 264650 ChaineuxTel.:\u00a0087\/31 31 60E-Mail:\u00a0info@ebac-auto.beTVA:\u00a0BE0454.797.366 Hosting Diese Seite wird von OVH 2 Rue Kellermann 59100 Roubaix gehostet. Ver\u00f6ffentlichung Direktor f\u00fcr Ver\u00f6ffentlichungenVincent Remion Wenden Sie sich an den Publikationsmanagerinfo@ebac-auto.be Datenschutz und cookies Verarbeitung Ihrer pres\u00f6nlichen daten Wenn Sie [&hellip;]<\/p>\n","protected":false},"author":6,"featured_media":0,"parent":0,"menu_order":0,"comment_status":"closed","ping_status":"closed","template":"elementor_header_footer","meta":{"_acf_changed":false,"inline_featured_image":false,"footnotes":""},"class_list":["post-984","page","type-page","status-publish","hentry"],"acf":[],"yoast_head":"<!-- This site is optimized with the Yoast SEO plugin v27.3 - https:\/\/yoast.com\/product\/yoast-seo-wordpress\/ -->\n<title>Impressum - Ebac-Auto<\/title>\n<meta name=\"robots\" content=\"noindex, follow\" \/>\n<meta property=\"og:locale\" content=\"de_DE\" \/>\n<meta property=\"og:type\" content=\"article\" \/>\n<meta property=\"og:title\" content=\"Impressum - Ebac-Auto\" \/>\n<meta property=\"og:description\" content=\"Impressum Impressum Die Website https:\/\/ebac-auto.be ist das ausschlie\u00dfliche Eigentum der Ebac SA, die sie ver\u00f6ffentlicht. Ebac SAAvenue du Parc 264650 ChaineuxTel.:\u00a0087\/31 31 60E-Mail:\u00a0info@ebac-auto.beTVA:\u00a0BE0454.797.366 Hosting Diese Seite wird von OVH 2 Rue Kellermann 59100 Roubaix gehostet. Ver\u00f6ffentlichung Direktor f\u00fcr Ver\u00f6ffentlichungenVincent Remion Wenden Sie sich an den Publikationsmanagerinfo@ebac-auto.be Datenschutz und cookies Verarbeitung Ihrer pres\u00f6nlichen daten Wenn Sie [&hellip;]\" \/>\n<meta property=\"og:url\" content=\"https:\/\/ebac-auto.be\/de\/impressum\/\" \/>\n<meta property=\"og:site_name\" content=\"Ebac-Auto\" \/>\n<meta property=\"article:modified_time\" content=\"2026-02-10T10:02:43+00:00\" \/>\n<meta name=\"twitter:card\" content=\"summary_large_image\" \/>\n<meta name=\"twitter:label1\" content=\"Gesch\u00e4tzte Lesezeit\" \/>\n\t<meta name=\"twitter:data1\" content=\"3\u00a0Minuten\" \/>\n<script type=\"application\/ld+json\" class=\"yoast-schema-graph\">{\"@context\":\"https:\\\/\\\/schema.org\",\"@graph\":[{\"@type\":\"WebPage\",\"@id\":\"https:\\\/\\\/ebac-auto.be\\\/de\\\/impressum\\\/\",\"url\":\"https:\\\/\\\/ebac-auto.be\\\/de\\\/impressum\\\/\",\"name\":\"Impressum - Ebac-Auto\",\"isPartOf\":{\"@id\":\"https:\\\/\\\/ebac-auto.be\\\/de\\\/#website\"},\"datePublished\":\"2021-01-26T14:26:17+00:00\",\"dateModified\":\"2026-02-10T10:02:43+00:00\",\"breadcrumb\":{\"@id\":\"https:\\\/\\\/ebac-auto.be\\\/de\\\/impressum\\\/#breadcrumb\"},\"inLanguage\":\"de\",\"potentialAction\":[{\"@type\":\"ReadAction\",\"target\":[\"https:\\\/\\\/ebac-auto.be\\\/de\\\/impressum\\\/\"]}]},{\"@type\":\"BreadcrumbList\",\"@id\":\"https:\\\/\\\/ebac-auto.be\\\/de\\\/impressum\\\/#breadcrumb\",\"itemListElement\":[{\"@type\":\"ListItem\",\"position\":1,\"name\":\"Accueil\",\"item\":\"https:\\\/\\\/ebac-auto.be\\\/de\\\/\"},{\"@type\":\"ListItem\",\"position\":2,\"name\":\"Impressum\"}]},{\"@type\":\"WebSite\",\"@id\":\"https:\\\/\\\/ebac-auto.be\\\/de\\\/#website\",\"url\":\"https:\\\/\\\/ebac-auto.be\\\/de\\\/\",\"name\":\"Ebac-Auto\",\"description\":\"Partner f\u00fcr Ihre Mobilit\u00e4t in der Provinz L\u00fcttich\",\"publisher\":{\"@id\":\"https:\\\/\\\/ebac-auto.be\\\/de\\\/#organization\"},\"potentialAction\":[{\"@type\":\"SearchAction\",\"target\":{\"@type\":\"EntryPoint\",\"urlTemplate\":\"https:\\\/\\\/ebac-auto.be\\\/de\\\/?s={search_term_string}\"},\"query-input\":{\"@type\":\"PropertyValueSpecification\",\"valueRequired\":true,\"valueName\":\"search_term_string\"}}],\"inLanguage\":\"de\"},{\"@type\":\"Organization\",\"@id\":\"https:\\\/\\\/ebac-auto.be\\\/de\\\/#organization\",\"name\":\"Ebac\",\"url\":\"https:\\\/\\\/ebac-auto.be\\\/de\\\/\",\"logo\":{\"@type\":\"ImageObject\",\"inLanguage\":\"de\",\"@id\":\"https:\\\/\\\/ebac-auto.be\\\/de\\\/#\\\/schema\\\/logo\\\/image\\\/\",\"url\":\"\",\"contentUrl\":\"\",\"caption\":\"Ebac\"},\"image\":{\"@id\":\"https:\\\/\\\/ebac-auto.be\\\/de\\\/#\\\/schema\\\/logo\\\/image\\\/\"}}]}<\/script>\n<!-- \/ Yoast SEO plugin. -->","yoast_head_json":{"title":"Impressum - Ebac-Auto","robots":{"index":"noindex","follow":"follow"},"og_locale":"de_DE","og_type":"article","og_title":"Impressum - Ebac-Auto","og_description":"Impressum Impressum Die Website https:\/\/ebac-auto.be ist das ausschlie\u00dfliche Eigentum der Ebac SA, die sie ver\u00f6ffentlicht. Ebac SAAvenue du Parc 264650 ChaineuxTel.:\u00a0087\/31 31 60E-Mail:\u00a0info@ebac-auto.beTVA:\u00a0BE0454.797.366 Hosting Diese Seite wird von OVH 2 Rue Kellermann 59100 Roubaix gehostet. Ver\u00f6ffentlichung Direktor f\u00fcr Ver\u00f6ffentlichungenVincent Remion Wenden Sie sich an den Publikationsmanagerinfo@ebac-auto.be Datenschutz und cookies Verarbeitung Ihrer pres\u00f6nlichen daten Wenn Sie [&hellip;]","og_url":"https:\/\/ebac-auto.be\/de\/impressum\/","og_site_name":"Ebac-Auto","article_modified_time":"2026-02-10T10:02:43+00:00","twitter_card":"summary_large_image","twitter_misc":{"Gesch\u00e4tzte Lesezeit":"3\u00a0Minuten"},"schema":{"@context":"https:\/\/schema.org","@graph":[{"@type":"WebPage","@id":"https:\/\/ebac-auto.be\/de\/impressum\/","url":"https:\/\/ebac-auto.be\/de\/impressum\/","name":"Impressum - Ebac-Auto","isPartOf":{"@id":"https:\/\/ebac-auto.be\/de\/#website"},"datePublished":"2021-01-26T14:26:17+00:00","dateModified":"2026-02-10T10:02:43+00:00","breadcrumb":{"@id":"https:\/\/ebac-auto.be\/de\/impressum\/#breadcrumb"},"inLanguage":"de","potentialAction":[{"@type":"ReadAction","target":["https:\/\/ebac-auto.be\/de\/impressum\/"]}]},{"@type":"BreadcrumbList","@id":"https:\/\/ebac-auto.be\/de\/impressum\/#breadcrumb","itemListElement":[{"@type":"ListItem","position":1,"name":"Accueil","item":"https:\/\/ebac-auto.be\/de\/"},{"@type":"ListItem","position":2,"name":"Impressum"}]},{"@type":"WebSite","@id":"https:\/\/ebac-auto.be\/de\/#website","url":"https:\/\/ebac-auto.be\/de\/","name":"Ebac-Auto","description":"Partner f\u00fcr Ihre Mobilit\u00e4t in der Provinz L\u00fcttich","publisher":{"@id":"https:\/\/ebac-auto.be\/de\/#organization"},"potentialAction":[{"@type":"SearchAction","target":{"@type":"EntryPoint","urlTemplate":"https:\/\/ebac-auto.be\/de\/?s={search_term_string}"},"query-input":{"@type":"PropertyValueSpecification","valueRequired":true,"valueName":"search_term_string"}}],"inLanguage":"de"},{"@type":"Organization","@id":"https:\/\/ebac-auto.be\/de\/#organization","name":"Ebac","url":"https:\/\/ebac-auto.be\/de\/","logo":{"@type":"ImageObject","inLanguage":"de","@id":"https:\/\/ebac-auto.be\/de\/#\/schema\/logo\/image\/","url":"","contentUrl":"","caption":"Ebac"},"image":{"@id":"https:\/\/ebac-auto.be\/de\/#\/schema\/logo\/image\/"}}]}},"_links":{"self":[{"href":"https:\/\/ebac-auto.be\/de\/wp-json\/wp\/v2\/pages\/984","targetHints":{"allow":["GET"]}}],"collection":[{"href":"https:\/\/ebac-auto.be\/de\/wp-json\/wp\/v2\/pages"}],"about":[{"href":"https:\/\/ebac-auto.be\/de\/wp-json\/wp\/v2\/types\/page"}],"author":[{"embeddable":true,"href":"https:\/\/ebac-auto.be\/de\/wp-json\/wp\/v2\/users\/6"}],"replies":[{"embeddable":true,"href":"https:\/\/ebac-auto.be\/de\/wp-json\/wp\/v2\/comments?post=984"}],"version-history":[{"count":14,"href":"https:\/\/ebac-auto.be\/de\/wp-json\/wp\/v2\/pages\/984\/revisions"}],"predecessor-version":[{"id":6911,"href":"https:\/\/ebac-auto.be\/de\/wp-json\/wp\/v2\/pages\/984\/revisions\/6911"}],"wp:attachment":[{"href":"https:\/\/ebac-auto.be\/de\/wp-json\/wp\/v2\/media?parent=984"}],"curies":[{"name":"wp","href":"https:\/\/api.w.org\/{rel}","templated":true}]}}